{"id":2334,"date":"2025-03-05T10:45:51","date_gmt":"2025-03-05T10:45:51","guid":{"rendered":"https:\/\/itbac.eu\/topic-pages\/business-and-systems-analysis-how-to-create-it-solutions-intentionally\/"},"modified":"2025-03-10T11:03:40","modified_gmt":"2025-03-10T11:03:40","slug":"business-and-systems-analysis-how-to-create-it-solutions-intentionally","status":"publish","type":"page","link":"https:\/\/itbac.eu\/en\/topic-pages\/business-and-systems-analysis-how-to-create-it-solutions-intentionally\/","title":{"rendered":"Business and Systems Analysis \u2013 how to create IT solutions intentionally?"},"content":{"rendered":"\n<p><strong>Business Analysis and Systems Analysis<\/strong> together are the key to successful IT projects. If a system is developed without a clear understanding of business requirements or technical constraints, the result may be inefficient or unusable for end users. <\/p>\n\n<div class=\"wp-block-rank-math-toc-block\" id=\"rank-math-toc\"><h2>On this page, you will find:<\/h2><nav><ul><li class=\"\"><a href=\"#arianaluus\">What is Business Analysis?<\/a><\/li><li class=\"\"><a href=\"#susteemianaluus\">Systems Analysis<\/a><\/li><li class=\"\"><a href=\"#it-analuus\">IT Analysis<\/a><\/li><li class=\"\"><a href=\"#kas-soovid-oppida-ari-ja-susteemianaluusi-ning-arendada-oma-it-analuutiku-oskusi\">Do you want to learn business and systems analysis and develop your IT analyst skills?<\/a><\/li><li class=\"\"><a href=\"#artiklid-ari-ja-susteemianaluusist\">Articles on Business and Systems Analysis<\/a><\/li><li class=\"\"><a href=\"#koolitused-ja-praktilised-oppevoimalused\">Training and practical learning opportunities<\/a><\/li><\/ul><\/nav><\/div>\n\n<h2 class=\"wp-block-heading\" id=\"arianaluus\">What is Business Analysis?<\/h2>\n\n<p><strong>Business Analysis<\/strong> helps identify and understand business needs and determine which capabilities need to be developed in IT systems. This includes: <\/p>\n\n<ul class=\"wp-block-list\">\n<li>Goal setting and risk analysis<\/li>\n\n\n\n<li>Understanding and documenting stakeholder needs<\/li>\n\n\n\n<li>Mapping and optimizing business processes<\/li>\n\n\n\n<li>Mapping the data used<\/li>\n<\/ul>\n\n<p>In business analysis, IT systems are treated as a black box \u2013 what happens inside is not examined in detail, but only at the level of needs, requirements, and capabilities. Some sources, however, consider <strong>user interface analysis<\/strong> also belonging under Business Analysis \u2013 this is the aspect of Systems Analysis that deals with the part of the system visible to the user. <\/p>\n\n<p>Business analysis can be performed by various roles depending on the company&#8217;s division of labor, ranging from different managers who do it alongside their other tasks, to:<\/p>\n\n<ul class=\"wp-block-list\">\n<li>Product Owner<\/li>\n\n\n\n<li>Business Analyst<\/li>\n\n\n\n<li>Service Designer<\/li>\n\n\n\n<li>Analyst<\/li>\n\n\n\n<li>IT Analyst<\/li>\n\n\n\n<li>Consultant<\/li>\n<\/ul>\n\n<h2 class=\"wp-block-heading\" id=\"susteemianaluus\">Systems Analysis<\/h2>\n\n<p>Once the business needs are mapped, system analysis is used to define how the IT solution will be technically built. Systems Analysis includes: <\/p>\n\n<ul class=\"wp-block-list\">\n<li>Designing the system architecture<\/li>\n\n\n\n<li>Modeling data and its flow<\/li>\n\n\n\n<li>Analyzing and describing system interactions (integrations and APIs)<\/li>\n<\/ul>\n\n<p>This is often referred to as <strong>software analysis<\/strong>.<\/p>\n\n<p>Systems analysis can be performed by various roles depending on the company\u2019s division of labor:<\/p>\n\n<ul class=\"wp-block-list\">\n<li>Product Owner<\/li>\n\n\n\n<li>System Analyst<\/li>\n\n\n\n<li>Analyst<\/li>\n\n\n\n<li>IT Analyst<\/li>\n\n\n\n<li>Solution Architect<\/li>\n\n\n\n<li>Developer<\/li>\n\n\n\n<li>IT Architect<\/li>\n<\/ul>\n\n<h2 class=\"wp-block-heading\" id=\"it-analuus\">IT Analysis<\/h2>\n\n<p>IT analysis largely encompasses <strong>both business analysis and systems analysis, with a stronger focus on systems analysis<\/strong>. This term is primarily used for the <strong>analysis aimed at reaching an IT solution<\/strong>. Business Analysis, on the other hand, may remain focused solely on processes and objectives, without defining specific solutions. These terms can sometimes be used interchangeably; &#8220;IT&#8221; is added as a clarification to distinguish it from, for example, market analysis or financial analysis.   <\/p>\n\n<h2 class=\"wp-block-heading\" id=\"kas-soovid-oppida-ari-ja-susteemianaluusi-ning-arendada-oma-it-analuutiku-oskusi\">Do you want to learn business and systems analysis and develop your IT analyst skills?<\/h2>\n\n<p>If you want to learn more about the skills an IT analyst needs and how to develop your career, check out the <a href=\"https:\/\/itbac.eu\/en\/it-analyst-skills-and-growth\/\" data-type=\"link\" data-id=\"https:\/\/itbac.eu\/it-analuutiku-oskused-ja-areng\/\">IT Analyst career development topic page.<\/a><\/p>\n\n<h2 class=\"wp-block-heading\" id=\"artiklid-ari-ja-susteemianaluusist\">Articles on Business and Systems Analysis<\/h2>\n\n<p>If you want to dive deeper into how business analysis and systems analysis work in IT projects, read these articles:<\/p>\n\n<div class=\"wp-block-columns is-layout-flex wp-container-core-columns-is-layout-9d6595d7 wp-block-columns-is-layout-flex\">\n<div class=\"wp-block-column is-layout-flow wp-block-column-is-layout-flow\">\n<figure class=\"wp-block-embed is-type-wp-embed is-provider-it-ja-rianal-si-klubi-itbac wp-block-embed-it-ja-rianal-si-klubi-itbac\"><div class=\"wp-block-embed__wrapper\">\n<blockquote class=\"wp-embedded-content\" data-secret=\"A1T6dLKZza\"><a href=\"https:\/\/itbac.eu\/en\/what-is-it-and-business-analysis\/\">Mis on IT- ja \u00e4rianal\u00fc\u00fcs?<\/a><\/blockquote><iframe class=\"wp-embedded-content\" sandbox=\"allow-scripts\" security=\"restricted\" style=\"position: absolute; visibility: hidden;\" title=\"&#8220;Mis on IT- ja \u00e4rianal\u00fc\u00fcs?&#8221; &#8212; IT- ja \u00c4rianal\u00fc\u00fcsi Klubi - ITBAC\" src=\"https:\/\/itbac.eu\/en\/what-is-it-and-business-analysis\/embed\/#?secret=DfCPuG9aNy#?secret=A1T6dLKZza\" data-secret=\"A1T6dLKZza\" width=\"600\" height=\"338\" frameborder=\"0\" marginwidth=\"0\" marginheight=\"0\" scrolling=\"no\"><\/iframe>\n<\/div><\/figure>\n<\/div>\n\n\n\n<div class=\"wp-block-column is-layout-flow wp-block-column-is-layout-flow\">\n<figure class=\"wp-block-embed is-type-wp-embed is-provider-it-ja-rianal-si-klubi-itbac wp-block-embed-it-ja-rianal-si-klubi-itbac\"><div class=\"wp-block-embed__wrapper\">\n<blockquote class=\"wp-embedded-content\" data-secret=\"gZquydLdPW\"><a href=\"https:\/\/itbac.eu\/en\/what-is-business-analysis-and-why-is-it-needed\/\">Mis on \u00e4rianal\u00fc\u00fcs ja miks seda vaja on?<\/a><\/blockquote><iframe class=\"wp-embedded-content\" sandbox=\"allow-scripts\" security=\"restricted\" style=\"position: absolute; visibility: hidden;\" title=\"&#8220;Mis on \u00e4rianal\u00fc\u00fcs ja miks seda vaja on?&#8221; &#8212; IT- ja \u00c4rianal\u00fc\u00fcsi Klubi - ITBAC\" src=\"https:\/\/itbac.eu\/en\/what-is-business-analysis-and-why-is-it-needed\/embed\/#?secret=PZpFjVSyK7#?secret=gZquydLdPW\" data-secret=\"gZquydLdPW\" width=\"600\" height=\"338\" frameborder=\"0\" marginwidth=\"0\" marginheight=\"0\" scrolling=\"no\"><\/iframe>\n<\/div><\/figure>\n<\/div>\n\n\n\n<div class=\"wp-block-column is-layout-flow wp-block-column-is-layout-flow\">\n<figure class=\"wp-block-embed is-type-wp-embed is-provider-it-ja-rianal-si-klubi-itbac wp-block-embed-it-ja-rianal-si-klubi-itbac\"><div class=\"wp-block-embed__wrapper\">\n<blockquote class=\"wp-embedded-content\" data-secret=\"pDHgDgbD2x\"><a href=\"https:\/\/itbac.eu\/en\/what-can-go-wrong-in-it-projects-and-how-to-avoid-it\/\">Mis saab IT-projektides valesti minna ja kuidas seda v\u00e4ltida?<\/a><\/blockquote><iframe class=\"wp-embedded-content\" sandbox=\"allow-scripts\" security=\"restricted\" style=\"position: absolute; visibility: hidden;\" title=\"&#8220;Mis saab IT-projektides valesti minna ja kuidas seda v\u00e4ltida?&#8221; &#8212; IT- ja \u00c4rianal\u00fc\u00fcsi Klubi - ITBAC\" src=\"https:\/\/itbac.eu\/en\/what-can-go-wrong-in-it-projects-and-how-to-avoid-it\/embed\/#?secret=lm3MP8CJWL#?secret=pDHgDgbD2x\" data-secret=\"pDHgDgbD2x\" width=\"600\" height=\"338\" frameborder=\"0\" marginwidth=\"0\" marginheight=\"0\" scrolling=\"no\"><\/iframe>\n<\/div><\/figure>\n<\/div>\n<\/div>\n\n<div class=\"wp-block-columns is-layout-flex wp-container-core-columns-is-layout-9d6595d7 wp-block-columns-is-layout-flex\">\n<div class=\"wp-block-column is-layout-flow wp-block-column-is-layout-flow\">\n<figure class=\"wp-block-embed is-type-wp-embed is-provider-it-ja-rianal-si-klubi-itbac wp-block-embed-it-ja-rianal-si-klubi-itbac\"><div class=\"wp-block-embed__wrapper\">\n<blockquote class=\"wp-embedded-content\" data-secret=\"MQ3GvUWlJT\"><a href=\"https:\/\/itbac.eu\/en\/what-should-analyst-ask-from-client\/\">Mida peaks anal\u00fc\u00fctik kliendilt k\u00fcsima?<\/a><\/blockquote><iframe class=\"wp-embedded-content\" sandbox=\"allow-scripts\" security=\"restricted\" style=\"position: absolute; visibility: hidden;\" title=\"&#8220;Mida peaks anal\u00fc\u00fctik kliendilt k\u00fcsima?&#8221; &#8212; IT- ja \u00c4rianal\u00fc\u00fcsi Klubi - ITBAC\" src=\"https:\/\/itbac.eu\/en\/what-should-analyst-ask-from-client\/embed\/#?secret=MB2S3NJlJh#?secret=MQ3GvUWlJT\" data-secret=\"MQ3GvUWlJT\" width=\"600\" height=\"338\" frameborder=\"0\" marginwidth=\"0\" marginheight=\"0\" scrolling=\"no\"><\/iframe>\n<\/div><\/figure>\n<\/div>\n\n\n\n<div class=\"wp-block-column is-layout-flow wp-block-column-is-layout-flow\">\n<figure class=\"wp-block-embed is-type-wp-embed is-provider-it-ja-rianal-si-klubi-itbac wp-block-embed-it-ja-rianal-si-klubi-itbac\"><div class=\"wp-block-embed__wrapper\">\n<blockquote class=\"wp-embedded-content\" data-secret=\"5TSP2LGlZE\"><a href=\"https:\/\/itbac.eu\/en\/is-there-analysis-in-the-agile-world\/\">Kas agiilses maailmas tehakse anal\u00fc\u00fcsi?<\/a><\/blockquote><iframe class=\"wp-embedded-content\" sandbox=\"allow-scripts\" security=\"restricted\" style=\"position: absolute; visibility: hidden;\" title=\"&#8220;Kas agiilses maailmas tehakse anal\u00fc\u00fcsi?&#8221; &#8212; IT- ja \u00c4rianal\u00fc\u00fcsi Klubi - ITBAC\" src=\"https:\/\/itbac.eu\/en\/is-there-analysis-in-the-agile-world\/embed\/#?secret=nFwmc9hXes#?secret=5TSP2LGlZE\" data-secret=\"5TSP2LGlZE\" width=\"600\" height=\"338\" frameborder=\"0\" marginwidth=\"0\" marginheight=\"0\" scrolling=\"no\"><\/iframe>\n<\/div><\/figure>\n<\/div>\n<\/div>\n\n<h2 class=\"wp-block-heading\" id=\"koolitused-ja-praktilised-oppevoimalused\">Training and practical learning opportunities<\/h2>\n\n<div class=\"wp-block-columns is-layout-flex wp-container-core-columns-is-layout-9d6595d7 wp-block-columns-is-layout-flex\">\n<div class=\"wp-block-column is-layout-flow wp-block-column-is-layout-flow\">\n<figure class=\"wp-block-embed is-type-wp-embed is-provider-it-ja-rianal-si-klubi-itbac wp-block-embed-it-ja-rianal-si-klubi-itbac\"><div class=\"wp-block-embed__wrapper\">\n<blockquote class=\"wp-embedded-content\" data-secret=\"v7T0NOt6Bd\"><a href=\"https:\/\/itbac.eu\/toode\/ari-ja-susteemianaluusi-mentorlus\/\">\u00c4ri- ja s\u00fcsteemianal\u00fc\u00fcsi mentorlus<\/a><\/blockquote><iframe class=\"wp-embedded-content\" sandbox=\"allow-scripts\" security=\"restricted\" style=\"position: absolute; visibility: hidden;\" title=\"&#8220;\u00c4ri- ja s\u00fcsteemianal\u00fc\u00fcsi mentorlus&#8221; &#8212; IT- ja \u00c4rianal\u00fc\u00fcsi Klubi - ITBAC\" src=\"https:\/\/itbac.eu\/toode\/ari-ja-susteemianaluusi-mentorlus\/embed\/#?secret=Ne2rV37V2F#?secret=v7T0NOt6Bd\" data-secret=\"v7T0NOt6Bd\" width=\"600\" height=\"338\" frameborder=\"0\" marginwidth=\"0\" marginheight=\"0\" scrolling=\"no\"><\/iframe>\n<\/div><figcaption class=\"wp-element-caption\">If you need a <strong>personalized approach<\/strong> to ask all your questions on a specific topic, we recommend using <strong>Business and Systems Analysis mentoring<\/strong>.<\/figcaption><\/figure>\n<\/div>\n\n\n\n<div class=\"wp-block-column is-layout-flow wp-block-column-is-layout-flow\">\n<figure class=\"wp-block-embed is-type-wp-embed is-provider-it-ja-rianal-si-klubi-itbac wp-block-embed-it-ja-rianal-si-klubi-itbac\"><div class=\"wp-block-embed__wrapper\">\n<blockquote class=\"wp-embedded-content\" data-secret=\"PMwmtcaibu\"><a href=\"https:\/\/itbac.eu\/en\/mastermind-groups\/\">Mastermind grupid<\/a><\/blockquote><iframe class=\"wp-embedded-content\" sandbox=\"allow-scripts\" security=\"restricted\" style=\"position: absolute; visibility: hidden;\" title=\"&#8220;Mastermind grupid&#8221; &#8212; IT- ja \u00c4rianal\u00fc\u00fcsi Klubi - ITBAC\" src=\"https:\/\/itbac.eu\/en\/mastermind-groups\/embed\/#?secret=YW2s9m94H0#?secret=PMwmtcaibu\" data-secret=\"PMwmtcaibu\" width=\"600\" height=\"338\" frameborder=\"0\" marginwidth=\"0\" marginheight=\"0\" scrolling=\"no\"><\/iframe>\n<\/div><figcaption class=\"wp-element-caption\">In mastermind groups, we meet once a month and work through topics that are of interest to the participants in <strong>a smaller group<\/strong>.<\/figcaption><\/figure>\n<\/div>\n<\/div>\n\n<div class=\"wp-block-columns is-layout-flex wp-container-core-columns-is-layout-9d6595d7 wp-block-columns-is-layout-flex\">\n<div class=\"wp-block-column is-layout-flow wp-block-column-is-layout-flow\">\n<figure class=\"wp-block-embed is-type-wp-embed is-provider-it-ja-rianal-si-klubi-itbac wp-block-embed-it-ja-rianal-si-klubi-itbac\"><div class=\"wp-block-embed__wrapper\">\n<blockquote class=\"wp-embedded-content\" data-secret=\"KNNELXq7dh\"><a href=\"https:\/\/itbac.eu\/toode\/ari-ja-susteemianaluusi-kursus\/\">\u00c4rianal\u00fc\u00fcsi ja s\u00fcsteemianal\u00fc\u00fcsi koolitus \u2013 praktiline IT anal\u00fc\u00fctiku kursus (erinevad kuup\u00e4evad)<\/a><\/blockquote><iframe class=\"wp-embedded-content\" sandbox=\"allow-scripts\" security=\"restricted\" style=\"position: absolute; visibility: hidden;\" title=\"&#8220;\u00c4rianal\u00fc\u00fcsi ja s\u00fcsteemianal\u00fc\u00fcsi koolitus \u2013 praktiline IT anal\u00fc\u00fctiku kursus (erinevad kuup\u00e4evad)&#8221; &#8212; IT- ja \u00c4rianal\u00fc\u00fcsi Klubi - ITBAC\" src=\"https:\/\/itbac.eu\/toode\/ari-ja-susteemianaluusi-kursus\/embed\/#?secret=mwXNExAXJX#?secret=KNNELXq7dh\" data-secret=\"KNNELXq7dh\" width=\"600\" height=\"338\" frameborder=\"0\" marginwidth=\"0\" marginheight=\"0\" scrolling=\"no\"><\/iframe>\n<\/div><figcaption class=\"wp-element-caption\">In our popular courses, you can choose to focus on business analysis, systems analysis, or both.<\/figcaption><\/figure>\n<\/div>\n\n\n\n<div class=\"wp-block-column is-layout-flow wp-block-column-is-layout-flow\">\n<figure class=\"wp-block-embed is-type-wp-embed is-provider-it-ja-rianal-si-klubi-itbac wp-block-embed-it-ja-rianal-si-klubi-itbac\"><div class=\"wp-block-embed__wrapper\">\n<blockquote class=\"wp-embedded-content\" data-secret=\"kg7vZrEmGG\"><a href=\"https:\/\/itbac.eu\/toode\/tellimuskoolitus-ari-ja-susteemianaluusi-kursus\/\">Tellimuskoolitus: \u00c4ri- ja s\u00fcsteemianal\u00fc\u00fcsi koolitus meeskondadele<\/a><\/blockquote><iframe class=\"wp-embedded-content\" sandbox=\"allow-scripts\" security=\"restricted\" style=\"position: absolute; visibility: hidden;\" title=\"&#8220;Tellimuskoolitus: \u00c4ri- ja s\u00fcsteemianal\u00fc\u00fcsi koolitus meeskondadele&#8221; &#8212; IT- ja \u00c4rianal\u00fc\u00fcsi Klubi - ITBAC\" src=\"https:\/\/itbac.eu\/toode\/tellimuskoolitus-ari-ja-susteemianaluusi-kursus\/embed\/#?secret=5ie8W5UJeR#?secret=kg7vZrEmGG\" data-secret=\"kg7vZrEmGG\" width=\"600\" height=\"338\" frameborder=\"0\" marginwidth=\"0\" marginheight=\"0\" scrolling=\"no\"><\/iframe>\n<\/div><figcaption class=\"wp-element-caption\">If you have <strong>at least 5 participants<\/strong>, it might be more practical to order a <strong>custom training<\/strong>, where we can tailor the topics exactly to your needs. If the exact same course doesn&#8217;t fit, feel <a href=\"https:\/\/itbac.eu\/en\/contact\/\">free to contact us through the contact form<\/a>! <\/figcaption><\/figure>\n<\/div>\n<\/div>\n\n<p><\/p>\n","protected":false},"excerpt":{"rendered":"<p>Business Analysis and Systems Analysis together are the key to successful IT projects. If a system is developed without a clear understanding [&hellip;]<\/p>\n","protected":false},"author":3,"featured_media":0,"parent":2332,"menu_order":0,"comment_status":"open","ping_status":"closed","template":"","meta":{"_acf_changed":false,"footnotes":""},"class_list":["post-2334","page","type-page","status-publish","hentry"],"acf":[],"_links":{"self":[{"href":"https:\/\/itbac.eu\/en\/wp-json\/wp\/v2\/pages\/2334","targetHints":{"allow":["GET"]}}],"collection":[{"href":"https:\/\/itbac.eu\/en\/wp-json\/wp\/v2\/pages"}],"about":[{"href":"https:\/\/itbac.eu\/en\/wp-json\/wp\/v2\/types\/page"}],"author":[{"embeddable":true,"href":"https:\/\/itbac.eu\/en\/wp-json\/wp\/v2\/users\/3"}],"replies":[{"embeddable":true,"href":"https:\/\/itbac.eu\/en\/wp-json\/wp\/v2\/comments?post=2334"}],"version-history":[{"count":1,"href":"https:\/\/itbac.eu\/en\/wp-json\/wp\/v2\/pages\/2334\/revisions"}],"predecessor-version":[{"id":2335,"href":"https:\/\/itbac.eu\/en\/wp-json\/wp\/v2\/pages\/2334\/revisions\/2335"}],"up":[{"embeddable":true,"href":"https:\/\/itbac.eu\/en\/wp-json\/wp\/v2\/pages\/2332"}],"wp:attachment":[{"href":"https:\/\/itbac.eu\/en\/wp-json\/wp\/v2\/media?parent=2334"}],"curies":[{"name":"wp","href":"https:\/\/api.w.org\/{rel}","templated":true}]}}