{"id":2330,"date":"2025-03-05T12:45:02","date_gmt":"2025-03-05T12:45:02","guid":{"rendered":"https:\/\/itbac.eu\/it-analyst-skills-and-growth\/"},"modified":"2025-03-10T10:37:06","modified_gmt":"2025-03-10T10:37:06","slug":"it-analyst-skills-and-growth","status":"publish","type":"page","link":"https:\/\/itbac.eu\/en\/it-analyst-skills-and-growth\/","title":{"rendered":"IT Analyst Skills and Growth"},"content":{"rendered":"\n<p>The work of an IT analyst requires both <strong>business thinking and technical knowledge<\/strong>. A good IT analyst can <strong>bridge the gap between business and technology<\/strong>, understand systems, and communicate effectively with various stakeholders. <\/p>\n\n<div class=\"wp-block-rank-math-toc-block\" id=\"rank-math-toc\"><h2>On this page, you will find<\/h2><nav><ul><li class=\"\"><a href=\"#it-analuutiku-oskused\">IT Analyst Skills<\/a><\/li><li class=\"\"><a href=\"#artiklid-it-analuutiku-too-ja-oskuste-kohta\">Articles on IT Analyst Work and Skills<\/a><\/li><li class=\"\"><a href=\"#it-analuutiku-koolitused-ja-enesetaiendusvoimalused\">IT Analyst Training and Professional Development Opportunities<\/a><\/li><\/ul><\/nav><\/div>\n\n<h2 class=\"wp-block-heading\" id=\"it-analuutiku-oskused\">IT Analyst Skills<\/h2>\n\n<p>In Estonia, there is no officially established professional standard for IT analysts (business analysts, systems analysts). The skills expected for this role have evolved mainly through practical experience and the influence of various sources. <\/p>\n\n<p>We have reflected on what kind of personality makes a great analyst. A good analyst is a <strong>great listener, curious, systematic, flexible, responsible, a creative thinker, and results-oriented<\/strong>. We have a more in-depth article on these traits and their importance: <a href=\"https:\/\/itbac.eu\/en\/what-is-a-good-it-analyst-like\/\">What Makes a Good (IT) Analyst?<\/a>  <\/p>\n\n<p>Depending on their specialization, an IT analyst&#8217;s work may involve varying degrees of <a href=\"https:\/\/itbac.eu\/it-analuusi-teemad\/ari-ja-susteemianaluus\/\">business analysis and systems analysis<\/a>. Additionally, <strong>communication and collaboration skills<\/strong>, as well as <strong>proficiency in specific tools<\/strong>, are crucial. We have a more detailed article on the necessary skills: <a href=\"https:\/\/itbac.eu\/en\/what-skills-are-needed-to-be-a-good-analyst\/\" data-type=\"link\" data-id=\"https:\/\/itbac.eu\/milliseid-oskusi-vajab-hea-analuutik\/\">What Skills Does a Good Analyst Need?<\/a>  <\/p>\n\n<p>Unlike a programmer, an IT analyst does not need to have a very strong technical background, although it is certainly beneficial. Many participants in our training courses have started in other fields and later transitioned into IT analysis. This is a common and effective career path!  <\/p>\n\n<p>If you want to learn more about business analysis and systems analysis, their differences and similarities, check out the <a href=\"https:\/\/itbac.eu\/it-analuusi-teemad\/ari-ja-susteemianaluus\/\">Business and Systems Analysis topic page<\/a>.<\/p>\n\n<h2 class=\"wp-block-heading\" id=\"artiklid-it-analuutiku-too-ja-oskuste-kohta\">Articles on IT Analyst Work and Skills<\/h2>\n\n<div class=\"wp-block-columns is-layout-flex wp-container-core-columns-is-layout-9d6595d7 wp-block-columns-is-layout-flex\">\n<div class=\"wp-block-column is-layout-flow wp-block-column-is-layout-flow\">\n<figure class=\"wp-block-embed is-type-wp-embed is-provider-it-ja-rianal-si-klubi-itbac wp-block-embed-it-ja-rianal-si-klubi-itbac\"><div class=\"wp-block-embed__wrapper\">\n<blockquote class=\"wp-embedded-content\" data-secret=\"IT2ar7mooW\"><a href=\"https:\/\/itbac.eu\/en\/what-is-a-good-it-analyst-like\/\">Milline on hea (IT-)anal\u00fc\u00fctik?<\/a><\/blockquote><iframe class=\"wp-embedded-content\" sandbox=\"allow-scripts\" security=\"restricted\" style=\"position: absolute; visibility: hidden;\" title=\"&#8220;Milline on hea (IT-)anal\u00fc\u00fctik?&#8221; &#8212; IT- ja \u00c4rianal\u00fc\u00fcsi Klubi - ITBAC\" src=\"https:\/\/itbac.eu\/en\/what-is-a-good-it-analyst-like\/embed\/#?secret=j18eKqfXOr#?secret=IT2ar7mooW\" data-secret=\"IT2ar7mooW\" width=\"600\" height=\"338\" frameborder=\"0\" marginwidth=\"0\" marginheight=\"0\" scrolling=\"no\"><\/iframe>\n<\/div><\/figure>\n<\/div>\n\n\n\n<div class=\"wp-block-column is-layout-flow wp-block-column-is-layout-flow\">\n<figure class=\"wp-block-embed is-type-wp-embed is-provider-it-ja-rianal-si-klubi-itbac wp-block-embed-it-ja-rianal-si-klubi-itbac\"><div class=\"wp-block-embed__wrapper\">\n<blockquote class=\"wp-embedded-content\" data-secret=\"zlCAqnTB5B\"><a href=\"https:\/\/itbac.eu\/en\/what-skills-are-needed-to-be-a-good-analyst\/\">Milliseid oskusi vajab hea anal\u00fc\u00fctik?<\/a><\/blockquote><iframe class=\"wp-embedded-content\" sandbox=\"allow-scripts\" security=\"restricted\" style=\"position: absolute; visibility: hidden;\" title=\"&#8220;Milliseid oskusi vajab hea anal\u00fc\u00fctik?&#8221; &#8212; IT- ja \u00c4rianal\u00fc\u00fcsi Klubi - ITBAC\" src=\"https:\/\/itbac.eu\/en\/what-skills-are-needed-to-be-a-good-analyst\/embed\/#?secret=YmmNqcDTM0#?secret=zlCAqnTB5B\" data-secret=\"zlCAqnTB5B\" width=\"600\" height=\"338\" frameborder=\"0\" marginwidth=\"0\" marginheight=\"0\" scrolling=\"no\"><\/iframe>\n<\/div><\/figure>\n<\/div>\n\n\n\n<div class=\"wp-block-column is-layout-flow wp-block-column-is-layout-flow\">\n<figure class=\"wp-block-embed is-type-wp-embed is-provider-it-ja-rianal-si-klubi-itbac wp-block-embed-it-ja-rianal-si-klubi-itbac\"><div class=\"wp-block-embed__wrapper\">\n<blockquote class=\"wp-embedded-content\" data-secret=\"rFNyXFKalj\"><a href=\"https:\/\/itbac.eu\/en\/business-analyst-morning-business-analyst-at-crossroads-cant-do-it-the-old-way-and-the-new-way-is-scary\/\">Anal\u00fc\u00fctikute hommik: Anal\u00fc\u00fctik teelahkmel &#8211; vanamoodi ei saa ja uutmoodi h\u00e4sti ei julge.<\/a><\/blockquote><iframe class=\"wp-embedded-content\" sandbox=\"allow-scripts\" security=\"restricted\" style=\"position: absolute; visibility: hidden;\" title=\"&#8220;Anal\u00fc\u00fctikute hommik: Anal\u00fc\u00fctik teelahkmel &#8211; vanamoodi ei saa ja uutmoodi h\u00e4sti ei julge.&#8221; &#8212; IT- ja \u00c4rianal\u00fc\u00fcsi Klubi - ITBAC\" src=\"https:\/\/itbac.eu\/en\/business-analyst-morning-business-analyst-at-crossroads-cant-do-it-the-old-way-and-the-new-way-is-scary\/embed\/#?secret=uxM8fvqCPA#?secret=rFNyXFKalj\" data-secret=\"rFNyXFKalj\" width=\"600\" height=\"338\" frameborder=\"0\" marginwidth=\"0\" marginheight=\"0\" scrolling=\"no\"><\/iframe>\n<\/div><\/figure>\n<\/div>\n<\/div>\n\n<h2 class=\"wp-block-heading\" id=\"it-analuutiku-koolitused-ja-enesetaiendusvoimalused\">IT Analyst Training and Professional Development Opportunities<\/h2>\n\n<div class=\"wp-block-columns is-layout-flex wp-container-core-columns-is-layout-9d6595d7 wp-block-columns-is-layout-flex\">\n<div class=\"wp-block-column is-layout-flow wp-block-column-is-layout-flow\">\n<figure class=\"wp-block-embed is-type-wp-embed is-provider-it-ja-rianal-si-klubi-itbac wp-block-embed-it-ja-rianal-si-klubi-itbac\"><div class=\"wp-block-embed__wrapper\">\n<blockquote class=\"wp-embedded-content\" data-secret=\"mr48o3gKX9\"><a href=\"https:\/\/itbac.eu\/toode\/ari-ja-susteemianaluusi-mentorlus\/\">\u00c4ri- ja s\u00fcsteemianal\u00fc\u00fcsi mentorlus<\/a><\/blockquote><iframe class=\"wp-embedded-content\" sandbox=\"allow-scripts\" security=\"restricted\" style=\"position: absolute; visibility: hidden;\" title=\"&#8220;\u00c4ri- ja s\u00fcsteemianal\u00fc\u00fcsi mentorlus&#8221; &#8212; IT- ja \u00c4rianal\u00fc\u00fcsi Klubi - ITBAC\" src=\"https:\/\/itbac.eu\/toode\/ari-ja-susteemianaluusi-mentorlus\/embed\/#?secret=7zrskWG7mn#?secret=mr48o3gKX9\" data-secret=\"mr48o3gKX9\" width=\"600\" height=\"338\" frameborder=\"0\" marginwidth=\"0\" marginheight=\"0\" scrolling=\"no\"><\/iframe>\n<\/div><figcaption class=\"wp-element-caption\">If you need a <strong>personalized approach<\/strong> to ask all your questions on a specific topic, we recommend using <strong>business and systems analysis mentoring<\/strong>.&nbsp;&nbsp;<\/figcaption><\/figure>\n<\/div>\n\n\n\n<div class=\"wp-block-column is-layout-flow wp-block-column-is-layout-flow\">\n<figure class=\"wp-block-embed is-type-wp-embed is-provider-it-ja-rianal-si-klubi-itbac wp-block-embed-it-ja-rianal-si-klubi-itbac\"><div class=\"wp-block-embed__wrapper\">\n<blockquote class=\"wp-embedded-content\" data-secret=\"2qHz64A1x5\"><a href=\"https:\/\/itbac.eu\/en\/mastermind-groups\/\">Mastermind grupid<\/a><\/blockquote><iframe class=\"wp-embedded-content\" sandbox=\"allow-scripts\" security=\"restricted\" style=\"position: absolute; visibility: hidden;\" title=\"&#8220;Mastermind grupid&#8221; &#8212; IT- ja \u00c4rianal\u00fc\u00fcsi Klubi - ITBAC\" src=\"https:\/\/itbac.eu\/en\/mastermind-groups\/embed\/#?secret=xHKBQB1Tt8#?secret=2qHz64A1x5\" data-secret=\"2qHz64A1x5\" width=\"600\" height=\"338\" frameborder=\"0\" marginwidth=\"0\" marginheight=\"0\" scrolling=\"no\"><\/iframe>\n<\/div><figcaption class=\"wp-element-caption\">In mastermind groups, we meet once a month and work in <strong>a smaller group <\/strong>on topics that are most relevant to the participants.&nbsp;&nbsp;<\/figcaption><\/figure>\n<\/div>\n<\/div>\n\n<div class=\"wp-block-columns is-layout-flex wp-container-core-columns-is-layout-9d6595d7 wp-block-columns-is-layout-flex\">\n<div class=\"wp-block-column is-layout-flow wp-block-column-is-layout-flow\">\n<figure class=\"wp-block-embed is-type-wp-embed is-provider-it-ja-rianal-si-klubi-itbac wp-block-embed-it-ja-rianal-si-klubi-itbac\"><div class=\"wp-block-embed__wrapper\">\n<blockquote class=\"wp-embedded-content\" data-secret=\"rvMfWEIeHW\"><a href=\"https:\/\/itbac.eu\/toode\/ari-ja-susteemianaluusi-kursus\/\">\u00c4rianal\u00fc\u00fcsi ja s\u00fcsteemianal\u00fc\u00fcsi koolitus \u2013 praktiline IT anal\u00fc\u00fctiku kursus (erinevad kuup\u00e4evad)<\/a><\/blockquote><iframe class=\"wp-embedded-content\" sandbox=\"allow-scripts\" security=\"restricted\" style=\"position: absolute; visibility: hidden;\" title=\"&#8220;\u00c4rianal\u00fc\u00fcsi ja s\u00fcsteemianal\u00fc\u00fcsi koolitus \u2013 praktiline IT anal\u00fc\u00fctiku kursus (erinevad kuup\u00e4evad)&#8221; &#8212; IT- ja \u00c4rianal\u00fc\u00fcsi Klubi - ITBAC\" src=\"https:\/\/itbac.eu\/toode\/ari-ja-susteemianaluusi-kursus\/embed\/#?secret=elPtI6Z0rL#?secret=rvMfWEIeHW\" data-secret=\"rvMfWEIeHW\" width=\"600\" height=\"338\" frameborder=\"0\" marginwidth=\"0\" marginheight=\"0\" scrolling=\"no\"><\/iframe>\n<\/div><figcaption class=\"wp-element-caption\">In our popular courses, you can choose to focus on business analysis, systems analysis, or both.<\/figcaption><\/figure>\n<\/div>\n\n\n\n<div class=\"wp-block-column is-layout-flow wp-block-column-is-layout-flow\">\n<figure class=\"wp-block-embed is-type-wp-embed is-provider-it-ja-rianal-si-klubi-itbac wp-block-embed-it-ja-rianal-si-klubi-itbac\"><div class=\"wp-block-embed__wrapper\">\n<blockquote class=\"wp-embedded-content\" data-secret=\"anBKmK2pMY\"><a href=\"https:\/\/itbac.eu\/toode\/tellimuskoolitus-ari-ja-susteemianaluusi-kursus\/\">Tellimuskoolitus: \u00c4ri- ja s\u00fcsteemianal\u00fc\u00fcsi koolitus meeskondadele<\/a><\/blockquote><iframe class=\"wp-embedded-content\" sandbox=\"allow-scripts\" security=\"restricted\" style=\"position: absolute; visibility: hidden;\" title=\"&#8220;Tellimuskoolitus: \u00c4ri- ja s\u00fcsteemianal\u00fc\u00fcsi koolitus meeskondadele&#8221; &#8212; IT- ja \u00c4rianal\u00fc\u00fcsi Klubi - ITBAC\" src=\"https:\/\/itbac.eu\/toode\/tellimuskoolitus-ari-ja-susteemianaluusi-kursus\/embed\/#?secret=xT48jZXRE1#?secret=anBKmK2pMY\" data-secret=\"anBKmK2pMY\" width=\"600\" height=\"338\" frameborder=\"0\" marginwidth=\"0\" marginheight=\"0\" scrolling=\"no\"><\/iframe>\n<\/div><figcaption class=\"wp-element-caption\">If you have&nbsp;<strong>at least 5 participants<\/strong>, it may be more practical to order a&nbsp;<strong>custom training<\/strong>, where we can tailor the topics exactly to your needs. If the standard course doesn\u2019t fit perfectly, then &nbsp;<a href=\"https:\/\/itbac.eu\/en\/contact\/\">get in touch via the contact form<\/a>!<\/figcaption><\/figure>\n<\/div>\n<\/div>\n","protected":false},"excerpt":{"rendered":"<p>The work of an IT analyst requires both business thinking and technical knowledge. A good IT analyst can bridge the gap between [&hellip;]<\/p>\n","protected":false},"author":3,"featured_media":0,"parent":0,"menu_order":0,"comment_status":"closed","ping_status":"closed","template":"","meta":{"_acf_changed":false,"footnotes":""},"class_list":["post-2330","page","type-page","status-publish","hentry"],"acf":[],"_links":{"self":[{"href":"https:\/\/itbac.eu\/en\/wp-json\/wp\/v2\/pages\/2330","targetHints":{"allow":["GET"]}}],"collection":[{"href":"https:\/\/itbac.eu\/en\/wp-json\/wp\/v2\/pages"}],"about":[{"href":"https:\/\/itbac.eu\/en\/wp-json\/wp\/v2\/types\/page"}],"author":[{"embeddable":true,"href":"https:\/\/itbac.eu\/en\/wp-json\/wp\/v2\/users\/3"}],"replies":[{"embeddable":true,"href":"https:\/\/itbac.eu\/en\/wp-json\/wp\/v2\/comments?post=2330"}],"version-history":[{"count":1,"href":"https:\/\/itbac.eu\/en\/wp-json\/wp\/v2\/pages\/2330\/revisions"}],"predecessor-version":[{"id":2331,"href":"https:\/\/itbac.eu\/en\/wp-json\/wp\/v2\/pages\/2330\/revisions\/2331"}],"wp:attachment":[{"href":"https:\/\/itbac.eu\/en\/wp-json\/wp\/v2\/media?parent=2330"}],"curies":[{"name":"wp","href":"https:\/\/api.w.org\/{rel}","templated":true}]}}