{"id":2325,"date":"2025-03-05T13:02:16","date_gmt":"2025-03-05T10:02:16","guid":{"rendered":"https:\/\/itbac.eu\/documentation-in-it-projects\/"},"modified":"2025-09-01T09:09:34","modified_gmt":"2025-09-01T06:09:34","slug":"documentation-in-it-projects","status":"publish","type":"page","link":"https:\/\/itbac.eu\/en\/documentation-in-it-projects\/","title":{"rendered":"Documentation in IT Projects"},"content":{"rendered":"\n<p>IT documentation is often <strong>outdated, fragmented, and useless<\/strong>, but <strong>well-structured documentation in IT projects simplifies work and saves time<\/strong>. It can be done! The key is to rethink the documentation process\u2014leading to <strong>optimal IT documentation<\/strong>.  <\/p>\n\n<div class=\"wp-block-rank-math-toc-block\" id=\"rank-math-toc\"><h2><strong>On this page, you will find<\/strong><\/h2><nav><ul><li class=\"\"><a href=\"#mis-on-it-dokumentatsioon-ja-miks-see-on-oluline\">What is IT documentation and why is it important?<\/a><\/li><li class=\"\"><a href=\"#artiklid-optimaalse-dokumentatsiooni-kohta\">Articles on IT Documentation<\/a><\/li><li class=\"\"><a href=\"#raamat\">Book<\/a><\/li><li class=\"\"><a href=\"#k\">Courses<\/a><\/li><\/ul><\/nav><\/div>\n\n<h2 class=\"wp-block-heading\" id=\"mis-on-it-dokumentatsioon-ja-miks-see-on-oluline\"><strong>What is IT documentation and why is it important?<\/strong><\/h2>\n\n<p>IT documentation includes <strong>all project-related materials that collectively describe business logic, processes, requirements, and system architecture<\/strong>.<\/p>\n\n<p>Well-structured, up-to-date, and clearly documented information helps to:<\/p>\n\n<ul class=\"wp-block-list\">\n<li><strong>Speed up software development<\/strong> by reducing miscommunication and confusion.<\/li>\n\n\n\n<li><strong>Ensure knowledge accessibility<\/strong>, even when team members change.<\/li>\n\n\n\n<li><strong>Improve decision-making<\/strong> by providing clarity on system architecture and requirements.<\/li>\n<\/ul>\n\n<p>Unfortunately documenting \u2014 and especially updating it\u2014is often inconsistent in IT projects, resulting in fragmented and outdated information. Common myths suggest that documentation is useless, always outdated, or simply unnecessary in IT projects. I have <a href=\"https:\/\/itbac.eu\/en\/debunking-6-myths-about-documentation-in-it-projects\/\" data-type=\"link\" data-id=\"https:\/\/itbac.eu\/lukkame-umber-6-muuti-dokumenteerimise-kohta-it-projektides\/\">debunked these myths<\/a>. I believe, and have demonstrated in many organizations, that <a href=\"https:\/\/itbac.eu\/en\/always-up-to-date-documentation-is-possible\/\">always up-to-date documentation is possible and highly valuable<\/a>.    <\/p>\n\n<p>There\u2019s no need for unnecessary work, nor is there a single rule dictating what must be included in IT project documentation. Optimal IT documentation means recording <strong>enough information in an appropriate format<\/strong>, and <strong>keeping it up to date<\/strong>.  <\/p>\n\n<p>Good documentation is:<\/p>\n\n<ul class=\"wp-block-list\">\n<li><strong>useful <\/strong>\u2013 it supports both developers and business stakeholders at every stage of development;<\/li>\n\n\n\n<li><strong>optimal<\/strong> &#8211; The necessary information is recorded in a way that is easy to understand;<\/li>\n\n\n\n<li><strong>up-to-date<\/strong> \u2013 always reflects the actual state of the system;<\/li>\n\n\n\n<li><strong>convenient <\/strong>\u2013 easily accessible, readable, manageable, and archivable.<\/li>\n<\/ul>\n\n<p>In my experience, creating and maintaining optimal IT documentation that meets the above criteria is entirely possible and not overly complicated. I have explored this topic in detail and even written a book about it. <\/p>\n\n<h2 class=\"wp-block-heading\" id=\"artiklid-optimaalse-dokumentatsiooni-kohta\">Articles on IT Documentation<\/h2>\n\n<div class=\"wp-block-columns is-layout-flex wp-container-core-columns-is-layout-9d6595d7 wp-block-columns-is-layout-flex\">\n<div class=\"wp-block-column is-layout-flow wp-block-column-is-layout-flow\">\n<figure class=\"wp-block-embed is-type-wp-embed is-provider-it-ja-rianal-si-klubi-itbac wp-block-embed-it-ja-rianal-si-klubi-itbac\"><div class=\"wp-block-embed__wrapper\">\n<blockquote class=\"wp-embedded-content\" data-secret=\"uYTBlru9nn\"><a href=\"https:\/\/itbac.eu\/en\/about-documentation-if-why-and-how\/\">Dokumenteerimine: kas, miks ja kuidas?<\/a><\/blockquote><iframe class=\"wp-embedded-content\" sandbox=\"allow-scripts\" security=\"restricted\" style=\"position: absolute; visibility: hidden;\" title=\"&#8220;Dokumenteerimine: kas, miks ja kuidas?&#8221; &#8212; IT- ja \u00c4rianal\u00fc\u00fcsi Klubi - ITBAC\" src=\"https:\/\/itbac.eu\/en\/about-documentation-if-why-and-how\/embed\/#?secret=9vOVnQ8nX2#?secret=uYTBlru9nn\" data-secret=\"uYTBlru9nn\" width=\"600\" height=\"338\" frameborder=\"0\" marginwidth=\"0\" marginheight=\"0\" scrolling=\"no\"><\/iframe>\n<\/div><\/figure>\n<\/div>\n\n\n\n<div class=\"wp-block-column is-layout-flow wp-block-column-is-layout-flow\">\n<figure class=\"wp-block-embed is-type-wp-embed is-provider-it-ja-rianal-si-klubi-itbac wp-block-embed-it-ja-rianal-si-klubi-itbac\"><div class=\"wp-block-embed__wrapper\">\n<blockquote class=\"wp-embedded-content\" data-secret=\"cohqjnrspn\"><a href=\"https:\/\/itbac.eu\/en\/debunking-6-myths-about-documentation-in-it-projects\/\">L\u00fckkame \u00fcmber 6 m\u00fc\u00fcti dokumenteerimisest<\/a><\/blockquote><iframe class=\"wp-embedded-content\" sandbox=\"allow-scripts\" security=\"restricted\" style=\"position: absolute; visibility: hidden;\" title=\"&#8220;L\u00fckkame \u00fcmber 6 m\u00fc\u00fcti dokumenteerimisest&#8221; &#8212; IT- ja \u00c4rianal\u00fc\u00fcsi Klubi - ITBAC\" src=\"https:\/\/itbac.eu\/en\/debunking-6-myths-about-documentation-in-it-projects\/embed\/#?secret=Zh1TeEotrM#?secret=cohqjnrspn\" data-secret=\"cohqjnrspn\" width=\"600\" height=\"338\" frameborder=\"0\" marginwidth=\"0\" marginheight=\"0\" scrolling=\"no\"><\/iframe>\n<\/div><\/figure>\n<\/div>\n\n\n\n<div class=\"wp-block-column is-layout-flow wp-block-column-is-layout-flow\">\n<figure class=\"wp-block-embed is-type-wp-embed is-provider-it-ja-rianal-si-klubi-itbac wp-block-embed-it-ja-rianal-si-klubi-itbac\"><div class=\"wp-block-embed__wrapper\">\n<blockquote class=\"wp-embedded-content\" data-secret=\"soOygc7mNh\"><a href=\"https:\/\/itbac.eu\/en\/always-up-to-date-documentation-is-possible\/\">Alati ajakohane dokumentatsioon on v\u00f5imalik<\/a><\/blockquote><iframe class=\"wp-embedded-content\" sandbox=\"allow-scripts\" security=\"restricted\" style=\"position: absolute; visibility: hidden;\" title=\"&#8220;Alati ajakohane dokumentatsioon on v\u00f5imalik&#8221; &#8212; IT- ja \u00c4rianal\u00fc\u00fcsi Klubi - ITBAC\" src=\"https:\/\/itbac.eu\/en\/always-up-to-date-documentation-is-possible\/embed\/#?secret=bX5hOQT3yS#?secret=soOygc7mNh\" data-secret=\"soOygc7mNh\" width=\"600\" height=\"338\" frameborder=\"0\" marginwidth=\"0\" marginheight=\"0\" scrolling=\"no\"><\/iframe>\n<\/div><\/figure>\n<\/div>\n<\/div>\n\n<h2 class=\"wp-block-heading\" id=\"raamat\">Book<\/h2>\n\n<div class=\"wp-block-columns is-layout-flex wp-container-core-columns-is-layout-9d6595d7 wp-block-columns-is-layout-flex\">\n<div class=\"wp-block-column is-layout-flow wp-block-column-is-layout-flow\">\n<figure class=\"wp-block-embed is-type-wp-embed is-provider-it-ja-rianal-si-klubi-itbac wp-block-embed-it-ja-rianal-si-klubi-itbac\"><div class=\"wp-block-embed__wrapper\">\n<blockquote class=\"wp-embedded-content\" data-secret=\"ppVEQtgrYh\"><a href=\"https:\/\/itbac.eu\/en\/books\/optimal-documentation\/\">Optimal documentation<\/a><\/blockquote><iframe class=\"wp-embedded-content\" sandbox=\"allow-scripts\" security=\"restricted\" style=\"position: absolute; visibility: hidden;\" title=\"&#8220;Optimal documentation&#8221; &#8212; IT- ja \u00c4rianal\u00fc\u00fcsi Klubi - ITBAC\" src=\"https:\/\/itbac.eu\/en\/books\/optimal-documentation\/embed\/#?secret=gqinZXiyVd#?secret=ppVEQtgrYh\" data-secret=\"ppVEQtgrYh\" width=\"600\" height=\"338\" frameborder=\"0\" marginwidth=\"0\" marginheight=\"0\" scrolling=\"no\"><\/iframe>\n<\/div><\/figure>\n<\/div>\n<\/div>\n\n<h2 class=\"wp-block-heading\" id=\"k\">Courses<\/h2>\n\n<figure class=\"wp-block-embed is-type-wp-embed is-provider-it-ja-rianal-si-klubi-itbac wp-block-embed-it-ja-rianal-si-klubi-itbac\"><div class=\"wp-block-embed__wrapper\">\n<blockquote class=\"wp-embedded-content\" data-secret=\"kFGZzrJDCG\"><a href=\"https:\/\/itbac.eu\/toode\/it-dokumenteerimise-koolitus-ettevotetele\/\">Tellimuskoolitus: IT dokumenteerimise koolitus ettev\u00f5tetele<\/a><\/blockquote><iframe class=\"wp-embedded-content\" sandbox=\"allow-scripts\" security=\"restricted\" style=\"position: absolute; visibility: hidden;\" title=\"&#8220;Tellimuskoolitus: IT dokumenteerimise koolitus ettev\u00f5tetele&#8221; &#8212; IT- ja \u00c4rianal\u00fc\u00fcsi Klubi - ITBAC\" src=\"https:\/\/itbac.eu\/toode\/it-dokumenteerimise-koolitus-ettevotetele\/embed\/#?secret=kQS7UanseU#?secret=kFGZzrJDCG\" data-secret=\"kFGZzrJDCG\" width=\"600\" height=\"338\" frameborder=\"0\" marginwidth=\"0\" marginheight=\"0\" scrolling=\"no\"><\/iframe>\n<\/div><\/figure>\n","protected":false},"excerpt":{"rendered":"<p>IT documentation is often outdated, fragmented, and useless, but well-structured documentation in IT projects simplifies work and saves time. It can be [&hellip;]<\/p>\n","protected":false},"author":3,"featured_media":0,"parent":0,"menu_order":0,"comment_status":"open","ping_status":"closed","template":"","meta":{"_acf_changed":false,"footnotes":""},"class_list":["post-2325","page","type-page","status-publish","hentry"],"acf":[],"_links":{"self":[{"href":"https:\/\/itbac.eu\/en\/wp-json\/wp\/v2\/pages\/2325","targetHints":{"allow":["GET"]}}],"collection":[{"href":"https:\/\/itbac.eu\/en\/wp-json\/wp\/v2\/pages"}],"about":[{"href":"https:\/\/itbac.eu\/en\/wp-json\/wp\/v2\/types\/page"}],"author":[{"embeddable":true,"href":"https:\/\/itbac.eu\/en\/wp-json\/wp\/v2\/users\/3"}],"replies":[{"embeddable":true,"href":"https:\/\/itbac.eu\/en\/wp-json\/wp\/v2\/comments?post=2325"}],"version-history":[{"count":5,"href":"https:\/\/itbac.eu\/en\/wp-json\/wp\/v2\/pages\/2325\/revisions"}],"predecessor-version":[{"id":3009,"href":"https:\/\/itbac.eu\/en\/wp-json\/wp\/v2\/pages\/2325\/revisions\/3009"}],"wp:attachment":[{"href":"https:\/\/itbac.eu\/en\/wp-json\/wp\/v2\/media?parent=2325"}],"curies":[{"name":"wp","href":"https:\/\/api.w.org\/{rel}","templated":true}]}}